{"id":127,"date":"2016-03-11T17:27:06","date_gmt":"2016-03-11T16:27:06","guid":{"rendered":"http:\/\/billy93.fr\/steph\/?page_id=127"},"modified":"2020-11-11T17:53:42","modified_gmt":"2020-11-11T16:53:42","slug":"boucles-doreille","status":"publish","type":"page","link":"http:\/\/cespetitsriens-creations.fr\/?page_id=127","title":{"rendered":"BOUCLES D&rsquo;OREILLE"},"content":{"rendered":"<figure id=\"attachment_783\" aria-describedby=\"caption-attachment-783\" style=\"width: 1575px\" class=\"wp-caption alignnone\"><img loading=\"lazy\" decoding=\"async\" class=\"wp-image-783 size-full\" src=\"http:\/\/cespetitsriens-creations.fr\/wp-content\/uploads\/2020\/11\/Bo-Losanges-et-chaines-Nov-2020.jpg\" alt=\"\" width=\"1575\" height=\"1397\" \/><figcaption id=\"caption-attachment-783\" class=\"wp-caption-text\">BO anneaux fixes, pampilles en tissage de perles et chaines, finitions dor\u00e9es &#8211; 25\u20ac<\/figcaption><\/figure>\n<figure id=\"attachment_784\" aria-describedby=\"caption-attachment-784\" style=\"width: 2089px\" class=\"wp-caption alignnone\"><img loading=\"lazy\" decoding=\"async\" class=\"wp-image-784 size-full\" src=\"http:\/\/cespetitsriens-creations.fr\/wp-content\/uploads\/2020\/11\/Bo-Boucheron-Nov-2020.jpg\" alt=\"\" width=\"2089\" height=\"1732\" \/><figcaption id=\"caption-attachment-784\" class=\"wp-caption-text\">Bo en tissage de perles, finitions dor\u00e9es &#8211; 30\u20ac<\/figcaption><\/figure>\n<figure id=\"attachment_777\" aria-describedby=\"caption-attachment-777\" style=\"width: 3343px\" class=\"wp-caption alignnone\"><img loading=\"lazy\" decoding=\"async\" class=\"wp-image-777 size-full\" src=\"http:\/\/cespetitsriens-creations.fr\/wp-content\/uploads\/2020\/11\/Bo-3-Fleurs-Nov-2020.jpg\" alt=\"\" width=\"3343\" height=\"1575\" \/><figcaption id=\"caption-attachment-777\" class=\"wp-caption-text\">BO 3 fleurs en tissage de perles, finitions dor\u00e9es &#8211; 25\u20ac<\/figcaption><\/figure>\n<figure id=\"attachment_785\" aria-describedby=\"caption-attachment-785\" style=\"width: 1575px\" class=\"wp-caption alignnone\"><img loading=\"lazy\" decoding=\"async\" class=\"wp-image-785 size-full\" src=\"http:\/\/cespetitsriens-creations.fr\/wp-content\/uploads\/2020\/11\/Bo-3-Triangles-Nov-2020.jpg\" alt=\"\" width=\"1575\" height=\"1284\" \/><figcaption id=\"caption-attachment-785\" class=\"wp-caption-text\">Bo en tissage de perles, finitions dor\u00e9es &#8211; 30\u20ac<\/figcaption><\/figure>\n<figure id=\"attachment_781\" aria-describedby=\"caption-attachment-781\" style=\"width: 1732px\" class=\"wp-caption alignnone\"><img loading=\"lazy\" decoding=\"async\" class=\"wp-image-781 size-full\" src=\"http:\/\/cespetitsriens-creations.fr\/wp-content\/uploads\/2020\/11\/Bo-Franges-Africaines-Nov-2020.jpg\" alt=\"\" width=\"1732\" height=\"1488\" \/><figcaption id=\"caption-attachment-781\" class=\"wp-caption-text\">BO franges inspirations africaines, finitions dor\u00e9es &#8211; 25\u20ac<\/figcaption><\/figure>\n<figure id=\"attachment_789\" aria-describedby=\"caption-attachment-789\" style=\"width: 2242px\" class=\"wp-caption alignnone\"><img loading=\"lazy\" decoding=\"async\" class=\"wp-image-789 size-full\" src=\"http:\/\/cespetitsriens-creations.fr\/wp-content\/uploads\/2020\/11\/Bo-3-losanges-Nov-2020.jpg\" alt=\"\" width=\"2242\" height=\"2362\" \/><figcaption id=\"caption-attachment-789\" class=\"wp-caption-text\">Bo en tissage de perles, finitions dor\u00e9es &#8211; 25\u20ac<\/figcaption><\/figure>\n<figure id=\"attachment_780\" aria-describedby=\"caption-attachment-780\" style=\"width: 1575px\" class=\"wp-caption alignnone\"><img loading=\"lazy\" decoding=\"async\" class=\"wp-image-780 size-full\" src=\"http:\/\/cespetitsriens-creations.fr\/wp-content\/uploads\/2020\/11\/Bo-Pampilles-simple-Nov-2020.jpg\" alt=\"\" width=\"1575\" height=\"1223\" \/><figcaption id=\"caption-attachment-780\" class=\"wp-caption-text\">BO pampilles en tissage de perles, camaieu au choix, finitions dor\u00e9es &#8211; 22\u20ac<\/figcaption><\/figure>\n<figure id=\"attachment_782\" aria-describedby=\"caption-attachment-782\" style=\"width: 1969px\" class=\"wp-caption alignnone\"><img loading=\"lazy\" decoding=\"async\" class=\"wp-image-782 size-full\" src=\"http:\/\/cespetitsriens-creations.fr\/wp-content\/uploads\/2020\/11\/Bo-Triangles-Nov-2020.jpg\" alt=\"\" width=\"1969\" height=\"1400\" \/><figcaption id=\"caption-attachment-782\" class=\"wp-caption-text\">BO Triangles et pampilles, coloris au choix &#8211; 18\u20ac<\/figcaption><\/figure>\n<figure id=\"attachment_773\" aria-describedby=\"caption-attachment-773\" style=\"width: 4733px\" class=\"wp-caption alignnone\"><img loading=\"lazy\" decoding=\"async\" class=\"wp-image-773 size-full\" src=\"http:\/\/cespetitsriens-creations.fr\/wp-content\/uploads\/2020\/11\/Bo-Plume-Nov-2020.jpg\" alt=\"\" width=\"4733\" height=\"2074\" \/><figcaption id=\"caption-attachment-773\" class=\"wp-caption-text\">Paire de BO en plumes de coq ou pintade &#8211; 18\u20ac<\/figcaption><\/figure>\n<figure id=\"attachment_779\" aria-describedby=\"caption-attachment-779\" style=\"width: 2362px\" class=\"wp-caption alignnone\"><img loading=\"lazy\" decoding=\"async\" class=\"wp-image-779 size-full\" src=\"http:\/\/cespetitsriens-creations.fr\/wp-content\/uploads\/2020\/11\/Cr\u00e9oles-et-tissage-Nov-2020.jpg\" alt=\"\" width=\"2362\" height=\"1789\" \/><figcaption id=\"caption-attachment-779\" class=\"wp-caption-text\">Larges cr\u00e9oles avec tissage de perles int\u00e9rieur ou ext\u00e9rieur &#8211; 25\u20ac<\/figcaption><\/figure>\n<figure id=\"attachment_778\" aria-describedby=\"caption-attachment-778\" style=\"width: 2756px\" class=\"wp-caption alignnone\"><img loading=\"lazy\" decoding=\"async\" class=\"wp-image-778 size-full\" src=\"http:\/\/cespetitsriens-creations.fr\/wp-content\/uploads\/2020\/11\/Cr\u00e9oles-Perles-et-breloques-Nov-2020.jpg\" alt=\"\" width=\"2756\" height=\"785\" \/><figcaption id=\"caption-attachment-778\" class=\"wp-caption-text\">Pairede cr\u00e9oles avec perles et pampilles &#8211; 18\u20ac<\/figcaption><\/figure>\n<figure id=\"attachment_621\" aria-describedby=\"caption-attachment-621\" style=\"width: 3675px\" class=\"wp-caption alignnone\"><img loading=\"lazy\" decoding=\"async\" class=\"wp-image-621 size-full\" src=\"http:\/\/cespetitsriens-creations.fr\/wp-content\/uploads\/2018\/09\/Cr\u00e9oles-Tiss\u00e9es-Petites.jpg\" alt=\"\" width=\"3675\" height=\"1181\" \/><figcaption id=\"caption-attachment-621\" class=\"wp-caption-text\">Paire de cr\u00e9oles tiss\u00e9es sur anneaux plaqu\u00e9 or, Couleurs au choix &#8211; 25\u20ac<\/figcaption><\/figure>\n<figure id=\"attachment_788\" aria-describedby=\"caption-attachment-788\" style=\"width: 3388px\" class=\"wp-caption alignnone\"><img loading=\"lazy\" decoding=\"async\" class=\"wp-image-788 size-full\" src=\"http:\/\/cespetitsriens-creations.fr\/wp-content\/uploads\/2020\/11\/Cr\u00e9oles-Tiss\u00e9es-Etoile.jpg\" alt=\"\" width=\"3388\" height=\"3438\" \/><figcaption id=\"caption-attachment-788\" class=\"wp-caption-text\">Paire de cr\u00e9oles tiss\u00e9es Etoile sur anneau plaqu\u00e9 or, couleurs au choix &#8211; 22\u20ac<\/figcaption><\/figure>\n<figure id=\"attachment_624\" aria-describedby=\"caption-attachment-624\" style=\"width: 11772px\" class=\"wp-caption alignnone\"><img loading=\"lazy\" decoding=\"async\" class=\"wp-image-624 size-full\" src=\"http:\/\/cespetitsriens-creations.fr\/wp-content\/uploads\/2018\/09\/Cr\u00e9oles-Unis-Noir-Dor\u00e9-et-Canard-Dor\u00e9-et.jpg\" alt=\"\" width=\"11772\" height=\"5184\" \/><figcaption id=\"caption-attachment-624\" class=\"wp-caption-text\">Paire de Grandes Cr\u00e9oles, support dor\u00e9 ou argent , tissage de perles &#8211; 25\u20ac<\/figcaption><\/figure>\n<figure id=\"attachment_786\" aria-describedby=\"caption-attachment-786\" style=\"width: 2756px\" class=\"wp-caption alignnone\"><img loading=\"lazy\" decoding=\"async\" class=\"wp-image-786 size-full\" src=\"http:\/\/cespetitsriens-creations.fr\/wp-content\/uploads\/2020\/11\/Cr\u00e9oles-Sophie-Nov-2020.jpg\" alt=\"\" width=\"2756\" height=\"1481\" \/><figcaption id=\"caption-attachment-786\" class=\"wp-caption-text\">Cr\u00e9oles Tiss\u00e9es Dentelle &#8211; 30\u20ac<\/figcaption><\/figure>\n<figure id=\"attachment_787\" aria-describedby=\"caption-attachment-787\" style=\"width: 1969px\" class=\"wp-caption alignnone\"><img loading=\"lazy\" decoding=\"async\" class=\"wp-image-787 size-full\" src=\"http:\/\/cespetitsriens-creations.fr\/wp-content\/uploads\/2020\/11\/Cr\u00e9oles-Grandes-Nov-2020.jpg\" alt=\"\" width=\"1969\" height=\"1661\" \/><figcaption id=\"caption-attachment-787\" class=\"wp-caption-text\">Grandes Cr\u00e9oles Tiss\u00e9es &#8211; 30\u20ac<\/figcaption><\/figure>\n<figure id=\"attachment_563\" aria-describedby=\"caption-attachment-563\" style=\"width: 911px\" class=\"wp-caption alignnone\"><img loading=\"lazy\" decoding=\"async\" class=\"wp-image-563\" src=\"http:\/\/cespetitsriens-creations.fr\/wp-content\/uploads\/2017\/10\/Cr\u00e9oles-\u00e0-pompons-Dor\u00e9-Bronze-Noir-300x140.jpg\" alt=\"Cr\u00e9oles \u00e0 pompons Dor\u00e9 Bronze Noir\" width=\"911\" height=\"425\" srcset=\"http:\/\/cespetitsriens-creations.fr\/wp-content\/uploads\/2017\/10\/Cr\u00e9oles-\u00e0-pompons-Dor\u00e9-Bronze-Noir-300x140.jpg 300w, http:\/\/cespetitsriens-creations.fr\/wp-content\/uploads\/2017\/10\/Cr\u00e9oles-\u00e0-pompons-Dor\u00e9-Bronze-Noir-768x357.jpg 768w\" sizes=\"(max-width: 911px) 100vw, 911px\" \/><figcaption id=\"caption-attachment-563\" class=\"wp-caption-text\">Cr\u00e9oles \u00e0 pompons Or\/Bronze\/Noir &#8211; 30\u20ac<\/figcaption><\/figure>\n<figure id=\"attachment_696\" aria-describedby=\"caption-attachment-696\" style=\"width: 7536px\" class=\"wp-caption alignnone\"><img loading=\"lazy\" decoding=\"async\" class=\"wp-image-696 size-full\" src=\"http:\/\/cespetitsriens-creations.fr\/wp-content\/uploads\/2018\/09\/BO-Noir-Camel-Dor\u00e9.jpg\" alt=\"\" width=\"7536\" height=\"5184\" \/><figcaption id=\"caption-attachment-696\" class=\"wp-caption-text\">BO en tissage de perles tendance Africaine &#8211; 25\u20ac<\/figcaption><\/figure>\n<figure id=\"attachment_695\" aria-describedby=\"caption-attachment-695\" style=\"width: 7504px\" class=\"wp-caption alignnone\"><img loading=\"lazy\" decoding=\"async\" class=\"wp-image-695 size-full\" src=\"http:\/\/cespetitsriens-creations.fr\/wp-content\/uploads\/2018\/09\/BO-Moutarde-Marron-Camel.jpg\" alt=\"\" width=\"7504\" height=\"5184\" \/><figcaption id=\"caption-attachment-695\" class=\"wp-caption-text\">BO en tissage de perles Moutarde\/Rouille\/Brun\/Bronze &#8211; 25\u20ac<\/figcaption><\/figure>\n<figure id=\"attachment_550\" aria-describedby=\"caption-attachment-550\" style=\"width: 1137px\" class=\"wp-caption alignnone\"><img loading=\"lazy\" decoding=\"async\" class=\"wp-image-550\" src=\"http:\/\/cespetitsriens-creations.fr\/wp-content\/uploads\/2017\/05\/BO-g\u00e9om\u00e9triques-4-couleurs-Mai-2017-300x100.jpg\" alt=\"\" width=\"1137\" height=\"379\" srcset=\"http:\/\/cespetitsriens-creations.fr\/wp-content\/uploads\/2017\/05\/BO-g\u00e9om\u00e9triques-4-couleurs-Mai-2017-300x100.jpg 300w, http:\/\/cespetitsriens-creations.fr\/wp-content\/uploads\/2017\/05\/BO-g\u00e9om\u00e9triques-4-couleurs-Mai-2017-768x257.jpg 768w\" sizes=\"(max-width: 1137px) 100vw, 1137px\" \/><figcaption id=\"caption-attachment-550\" class=\"wp-caption-text\">BO G\u00e9om\u00e9triques en tissage de perles &#8211; 20\u20ac<\/figcaption><\/figure>\n<figure id=\"attachment_388\" aria-describedby=\"caption-attachment-388\" style=\"width: 483px\" class=\"wp-caption alignnone\"><img loading=\"lazy\" decoding=\"async\" class=\"wp-image-388\" src=\"http:\/\/cespetitsriens-creations.fr\/wp-content\/uploads\/2016\/04\/BO-Africa-Noir-Dor\u00e9-Rouge-Camel-Bleu-186x300.jpg\" alt=\"BO Africa Noir Dor\u00e9 Rouge Camel Bleu\" width=\"483\" height=\"779\" srcset=\"http:\/\/cespetitsriens-creations.fr\/wp-content\/uploads\/2016\/04\/BO-Africa-Noir-Dor\u00e9-Rouge-Camel-Bleu-186x300.jpg 186w, http:\/\/cespetitsriens-creations.fr\/wp-content\/uploads\/2016\/04\/BO-Africa-Noir-Dor\u00e9-Rouge-Camel-Bleu-768x1238.jpg 768w, http:\/\/cespetitsriens-creations.fr\/wp-content\/uploads\/2016\/04\/BO-Africa-Noir-Dor\u00e9-Rouge-Camel-Bleu-635x1024.jpg 635w\" sizes=\"(max-width: 483px) 100vw, 483px\" \/><figcaption id=\"caption-attachment-388\" class=\"wp-caption-text\">Paire de boucles d&rsquo;oreille en perle Motif Africa Noir\/Dor\u00e9\/Camel\/Rouge\/Cr\u00e8me\/Bleu &#8211; 30\u20ac<\/figcaption><\/figure>\n<figure id=\"attachment_453\" aria-describedby=\"caption-attachment-453\" style=\"width: 600px\" class=\"wp-caption alignnone\"><img loading=\"lazy\" decoding=\"async\" class=\"wp-image-453\" src=\"http:\/\/cespetitsriens-creations.fr\/wp-content\/uploads\/2016\/10\/BO-Noir-Dor\u00e9-225x300.jpg\" alt=\"BO Noir Dor\u00e9\" width=\"600\" height=\"800\" srcset=\"http:\/\/cespetitsriens-creations.fr\/wp-content\/uploads\/2016\/10\/BO-Noir-Dor\u00e9-225x300.jpg 225w, http:\/\/cespetitsriens-creations.fr\/wp-content\/uploads\/2016\/10\/BO-Noir-Dor\u00e9-768x1024.jpg 768w\" sizes=\"(max-width: 600px) 100vw, 600px\" \/><figcaption id=\"caption-attachment-453\" class=\"wp-caption-text\">Paire de boucles d&rsquo;oreille en perles Motif bicolore Noir\/Dor\u00e9 &#8211; 25\u20ac<\/figcaption><\/figure>\n<figure id=\"attachment_700\" aria-describedby=\"caption-attachment-700\" style=\"width: 7874px\" class=\"wp-caption alignnone\"><img loading=\"lazy\" decoding=\"async\" class=\"wp-image-700 size-full\" src=\"http:\/\/cespetitsriens-creations.fr\/wp-content\/uploads\/2018\/09\/BO-Triangle.jpg\" alt=\"\" width=\"7874\" height=\"2402\" \/><figcaption id=\"caption-attachment-700\" class=\"wp-caption-text\">BO en tissage de perles motif TRIANGLE diff\u00e9rents coloris &#8211; 20\u20ac<\/figcaption><\/figure>\n<figure id=\"attachment_387\" aria-describedby=\"caption-attachment-387\" style=\"width: 568px\" class=\"wp-caption alignnone\"><img loading=\"lazy\" decoding=\"async\" class=\"wp-image-387\" src=\"http:\/\/cespetitsriens-creations.fr\/wp-content\/uploads\/2016\/04\/BO-Franges-d\u00e9grad\u00e9-Cr\u00e8me-Brun-Dor\u00e9-164x300.jpg\" alt=\"BO Franges d\u00e9grad\u00e9 Cr\u00e8me Brun Dor\u00e9\" width=\"568\" height=\"1039\" srcset=\"http:\/\/cespetitsriens-creations.fr\/wp-content\/uploads\/2016\/04\/BO-Franges-d\u00e9grad\u00e9-Cr\u00e8me-Brun-Dor\u00e9-164x300.jpg 164w, http:\/\/cespetitsriens-creations.fr\/wp-content\/uploads\/2016\/04\/BO-Franges-d\u00e9grad\u00e9-Cr\u00e8me-Brun-Dor\u00e9-768x1406.jpg 768w, http:\/\/cespetitsriens-creations.fr\/wp-content\/uploads\/2016\/04\/BO-Franges-d\u00e9grad\u00e9-Cr\u00e8me-Brun-Dor\u00e9-559x1024.jpg 559w\" sizes=\"(max-width: 568px) 100vw, 568px\" \/><figcaption id=\"caption-attachment-387\" class=\"wp-caption-text\">Paire de boucles d&rsquo;oreille en perles Motif Frange D\u00e9grad\u00e9 Blanc\/Dor\u00e9\/Brun &#8211; 30\u20ac<\/figcaption><\/figure>\n<figure id=\"attachment_334\" aria-describedby=\"caption-attachment-334\" style=\"width: 604px\" class=\"wp-caption alignnone\"><img loading=\"lazy\" decoding=\"async\" class=\"wp-image-334\" src=\"http:\/\/cespetitsriens-creations.fr\/wp-content\/uploads\/2016\/03\/BO-Plume-Bleu-212x300.jpg\" alt=\"BO Plume Bleu\" width=\"604\" height=\"584\" \/><figcaption id=\"caption-attachment-334\" class=\"wp-caption-text\">Paire de boucles d&rsquo;oreille Plume Camaieu Bleu &#8211; 25\u20ac<\/figcaption><\/figure>\n<figure id=\"attachment_389\" aria-describedby=\"caption-attachment-389\" style=\"width: 625px\" class=\"wp-caption alignnone\"><img loading=\"lazy\" decoding=\"async\" class=\"wp-image-389\" src=\"http:\/\/cespetitsriens-creations.fr\/wp-content\/uploads\/2016\/04\/BO-Pois-Noir-Argent-et-Vert-Dor\u00e9-300x235.jpg\" alt=\"BO Pois Noir Argent et Vert Dor\u00e9\" width=\"625\" height=\"492\" \/><figcaption id=\"caption-attachment-389\" class=\"wp-caption-text\">Paire de boucles d&rsquo;oreille en perles Motif \u00e0 pois Noir\/Argent ou Vert\/Dor\u00e9 &#8211; 20\u20ac<\/figcaption><\/figure>\n<figure id=\"attachment_333\" aria-describedby=\"caption-attachment-333\" style=\"width: 524px\" class=\"wp-caption alignnone\"><img loading=\"lazy\" decoding=\"async\" class=\"wp-image-333\" src=\"http:\/\/cespetitsriens-creations.fr\/wp-content\/uploads\/2016\/03\/BO-Chevrons-Bordeaux-225x300.jpg\" alt=\"BO Chevrons Bordeaux\" width=\"524\" height=\"699\" srcset=\"http:\/\/cespetitsriens-creations.fr\/wp-content\/uploads\/2016\/03\/BO-Chevrons-Bordeaux-225x300.jpg 225w, http:\/\/cespetitsriens-creations.fr\/wp-content\/uploads\/2016\/03\/BO-Chevrons-Bordeaux-768x1024.jpg 768w\" sizes=\"(max-width: 524px) 100vw, 524px\" \/><figcaption id=\"caption-attachment-333\" class=\"wp-caption-text\">Paire de boucles d&rsquo;oreille Chevrons Bordeaux\/Blanc\/Noir\/Dor\u00e9 &#8211; 25\u20ac<\/figcaption><\/figure>\n<figure id=\"attachment_332\" aria-describedby=\"caption-attachment-332\" style=\"width: 629px\" class=\"wp-caption alignnone\"><img loading=\"lazy\" decoding=\"async\" class=\"wp-image-332\" src=\"http:\/\/cespetitsriens-creations.fr\/wp-content\/uploads\/2016\/03\/BO-Boucles-Noir-225x300.jpg\" alt=\"BO Boucles Noir\" width=\"629\" height=\"842\" \/><figcaption id=\"caption-attachment-332\" class=\"wp-caption-text\">Paire de boucles d&rsquo;oreille Charleston Noir\/Dor\u00e9 &#8211; 25\u20ac<\/figcaption><\/figure>\n<figure id=\"attachment_699\" aria-describedby=\"caption-attachment-699\" style=\"width: 2565px\" class=\"wp-caption alignnone\"><img loading=\"lazy\" decoding=\"async\" class=\"wp-image-699 size-full\" src=\"http:\/\/cespetitsriens-creations.fr\/wp-content\/uploads\/2018\/09\/Bo-Grande-et-franges.jpg\" alt=\"\" width=\"2565\" height=\"945\" \/><figcaption id=\"caption-attachment-699\" class=\"wp-caption-text\">BO en perles et fil de m\u00e9tal diff\u00e9rents coloris &#8211; 30\u20ac<\/figcaption><\/figure>\n","protected":false},"excerpt":{"rendered":"","protected":false},"author":1,"featured_media":0,"parent":0,"menu_order":0,"comment_status":"closed","ping_status":"closed","template":"","meta":{"footnotes":""},"class_list":["post-127","page","type-page","status-publish","hentry"],"_links":{"self":[{"href":"http:\/\/cespetitsriens-creations.fr\/index.php?rest_route=\/wp\/v2\/pages\/127"}],"collection":[{"href":"http:\/\/cespetitsriens-creations.fr\/index.php?rest_route=\/wp\/v2\/pages"}],"about":[{"href":"http:\/\/cespetitsriens-creations.fr\/index.php?rest_route=\/wp\/v2\/types\/page"}],"author":[{"embeddable":true,"href":"http:\/\/cespetitsriens-creations.fr\/index.php?rest_route=\/wp\/v2\/users\/1"}],"replies":[{"embeddable":true,"href":"http:\/\/cespetitsriens-creations.fr\/index.php?rest_route=%2Fwp%2Fv2%2Fcomments&post=127"}],"version-history":[{"count":31,"href":"http:\/\/cespetitsriens-creations.fr\/index.php?rest_route=\/wp\/v2\/pages\/127\/revisions"}],"predecessor-version":[{"id":791,"href":"http:\/\/cespetitsriens-creations.fr\/index.php?rest_route=\/wp\/v2\/pages\/127\/revisions\/791"}],"wp:attachment":[{"href":"http:\/\/cespetitsriens-creations.fr\/index.php?rest_route=%2Fwp%2Fv2%2Fmedia&parent=127"}],"curies":[{"name":"wp","href":"https:\/\/api.w.org\/{rel}","templated":true}]}}